{"id":7,"date":"2014-09-30T09:10:47","date_gmt":"2014-09-30T07:10:47","guid":{"rendered":"http:\/\/agrar-hoh.de\/?page_id=7"},"modified":"2025-09-25T13:52:18","modified_gmt":"2025-09-25T11:52:18","slug":"startseite","status":"publish","type":"page","link":"https:\/\/agrar-hoh.de\/","title":{"rendered":"Home"},"content":{"rendered":"\n<h1 style=\"color: #339966;\"><strong>Milchtankstelle ge\u00f6ffnet!<\/strong><\/h1>\n\n<p style=\"text-align: justify;\"> Liebe Kunden, unsere Milchtankstelle ist weiterhin t\u00e4glich f\u00fcr Sie ge\u00f6ffnet.<br>\nWir freuen uns auf Ihren Besuch!<br><br>\n<\/p>\n\n\n\n<div class=\"wp-block-group is-layout-constrained wp-block-group-is-layout-constrained\"><div class=\"wp-block-group__inner-container\">\n<h1 style=\"color: #339966;\"><strong>Auszeichnung im Landeswettbewerb \u201eTiergerechte und umweltvertr\u00e4gliche Haltung in Sachsen 2023\/2024\u201c<br \/><\/strong><\/h1>\n<p style=\"text-align: justify;\">Unsere Genossenschaft wurde vom S\u00e4chsischen Landesbauernverband sowie vom Staatsministerium f\u00fcr Umwelt und Landwirtschaft Dresden in der Kategorie\u00a0 Milchrinder ausgezeichnet. Unser Betrieb hat in diesem Wettbewerb eindrucksvoll gezeigt, wie moderne, tiergerechte Haltung und die Nutzung erneuerbarer Energien erfogreich miteinander verbunden werden k\u00f6nnen. Dies ist nicht nur ein wichtiger Beitrag zum Tierwohl, sondern auch ein bedeutender Schritt f\u00fcr eine nachhaltige Zukunft der Landwirtschaft. Diese Auszeichnung wurde entgegengenommen von unseren Vorst\u00e4nden Herrn J\u00f6rg Reihe (li), Herrn Paul Knott (re) sowie dem Management Milchvieh Herrn Paul Schramm (Mitte).<\/p>\n<p style=\"text-align: justify;\"><a href=\"https:\/\/agrar-hoh.de\/wp-content\/uploads\/Screenshot-2024-09-12-125551.png\"><img loading=\"lazy\" decoding=\"async\" class=\"wp-image-933 alignleft\" src=\"https:\/\/agrar-hoh.de\/wp-content\/uploads\/Screenshot-2024-09-12-125551-300x201.png\" alt=\"Home\" width=\"249\" height=\"167\" srcset=\"https:\/\/agrar-hoh.de\/wp-content\/uploads\/Screenshot-2024-09-12-125551-300x201.png 300w, https:\/\/agrar-hoh.de\/wp-content\/uploads\/Screenshot-2024-09-12-125551-624x417.png 624w, https:\/\/agrar-hoh.de\/wp-content\/uploads\/Screenshot-2024-09-12-125551.png 766w\" sizes=\"(max-width: 249px) 100vw, 249px\" \/><\/a><\/p>\n<p>Ihr Team der Agrargenossenschaft Hohenroda<\/p>\n<h2>\u00a0<\/h2>\n<h2>\u00a0<\/h2>\n<h2 style=\"text-align: center;\"><strong><a href=\"https:\/\/agrar-hoh.de\/?page_id=441\">Weiteren Informationen<\/a><\/strong><\/h2>\n<hr \/>\n<h1>\u00a0<\/h1>\n<h1 style=\"text-align: center;\"><span style=\"color: #ff0000;\">=== NEWS === NEWS === NEWS ===<\/span><\/h1>\n<h1 style=\"text-align: center;\"><span style=\"color: #008000;\"><strong>Unser Maislabyrinth ist noch bis zum Ende der <\/strong><\/span><span style=\"color: #008000;\"><strong>Oktob<\/strong><\/span><span style=\"color: #008000;\"><strong>erferien am 19.Oktober ge\u00f6ffnet. <\/strong><\/span><\/h1>\n<h1 style=\"text-align: center;\"><span style=\"color: #008000;\"><strong>Danach wird es geh\u00e4ckselt und als Futter f\u00fcr unsere K\u00fche verwendet.\u00a0<\/strong><\/span><\/h1>\n<h1 style=\"text-align: center;\"><span style=\"color: #008000;\"><strong>\u00a0<\/strong><\/span><\/h1>\n<h2 style=\"text-align: center;\">Kitzrettung bei der Fr\u00fchjahrsmahd<\/h2>\n<p class=\"zfr3Q CDt4Ke \" dir=\"ltr\"><span class=\"C9DxTc \">Jedes Jahr geraten viele Kitze in Gefahr, wenn die Wiesen zur Luzerneernte gem\u00e4ht werden.\u00a0<\/span><\/p>\n<p class=\"zfr3Q CDt4Ke \" dir=\"ltr\"><strong><span class=\"C9DxTc \">Warum ist die Rehkitzrettung so wichtig? <\/span><\/strong><span class=\"C9DxTc \">Rehkitze werden oft in hohem Gras geboren und verlassen in den ersten Wochen ihren Standort nicht. Leider werden sie bei M\u00e4harbeiten h\u00e4ufig \u00fcbersehen, was zu tragischen Unf\u00e4llen f\u00fchren kann. Daher hat die Kitzrettung in unserer Genossenschaft einen hohen Stellenwert. Mit Unterst\u00fctzung des \u00f6rtlichen Jagdvereins und durch den Einsatz moderner Drohnentechnologie mit <\/span><span class=\"C9DxTc \">W\u00e4rmebildkameras<\/span><span class=\"C9DxTc \"> wird die Rehkitzrettung immer effizienter und effektiver.<\/span><\/p>\n<p class=\"zfr3Q CDt4Ke \" dir=\"ltr\" style=\"text-align: center;\"><span class=\"C9DxTc \"> <a href=\"https:\/\/agrar-hoh.de\/wp-content\/uploads\/IMG-20250514-WA0008.jpg\"><img loading=\"lazy\" decoding=\"async\" class=\"alignnone  wp-image-969\" src=\"https:\/\/agrar-hoh.de\/wp-content\/uploads\/IMG-20250514-WA0008-300x169.jpg\" alt=\"Home\" width=\"382\" height=\"215\" srcset=\"https:\/\/agrar-hoh.de\/wp-content\/uploads\/IMG-20250514-WA0008-300x169.jpg 300w, https:\/\/agrar-hoh.de\/wp-content\/uploads\/IMG-20250514-WA0008-1024x576.jpg 1024w, https:\/\/agrar-hoh.de\/wp-content\/uploads\/IMG-20250514-WA0008-768x432.jpg 768w, https:\/\/agrar-hoh.de\/wp-content\/uploads\/IMG-20250514-WA0008-1536x864.jpg 1536w, https:\/\/agrar-hoh.de\/wp-content\/uploads\/IMG-20250514-WA0008-624x351.jpg 624w, https:\/\/agrar-hoh.de\/wp-content\/uploads\/IMG-20250514-WA0008.jpg 1599w\" sizes=\"(max-width: 382px) 100vw, 382px\" \/><\/a><\/span><\/p>\n<p dir=\"ltr\"><span class=\"C9DxTc \">Helfer finden die Kitze in den fr\u00fchen Morgenstunden, sichern die Kitze in Kisten und lassen sie nach erfolgter Mahd wieder frei.<\/span>\u00a0\u00a0 \u00a0\u00a0\u00a0<\/p>\n<h1 style=\"text-align: center;\">\u00a0<\/h1>\n<hr \/>\n<p style=\"text-align: left;\"><strong>Von uns f\u00fcr die Region: <span style=\"color: #339966;\">Milch tanken<\/span><\/strong><\/p>\n<h2><span style=\"color: #ff0000;\"><span style=\"color: #339966;\">Liebe Kunden, unsere frische Milch ist <a href=\"https:\/\/agrar-hoh.de\/wp-content\/uploads\/Zertifikat-LKS.pdf\">zertifiziert <\/a>und garantiert gentechnikfrei <a style=\"color: #339966;\" href=\"https:\/\/agrar-hoh.de\/?page_id=310\">&gt;&gt;&gt;<\/a><\/span><br \/><\/span><\/h2>\n<div style=\"text-align: left;\"><a href=\"https:\/\/agrar-hoh.de\/?page_id=310\"><img loading=\"lazy\" decoding=\"async\" class=\"alignnone wp-image-338\" src=\"https:\/\/agrar-hoh.de\/wp-content\/uploads\/Planen-1.jpg\" alt=\"Planen-1\" width=\"298\" height=\"179\" srcset=\"https:\/\/agrar-hoh.de\/wp-content\/uploads\/Planen-1.jpg 1181w, https:\/\/agrar-hoh.de\/wp-content\/uploads\/Planen-1-300x180.jpg 300w, https:\/\/agrar-hoh.de\/wp-content\/uploads\/Planen-1-768x461.jpg 768w, https:\/\/agrar-hoh.de\/wp-content\/uploads\/Planen-1-1024x615.jpg 1024w, https:\/\/agrar-hoh.de\/wp-content\/uploads\/Planen-1-624x375.jpg 624w\" sizes=\"(max-width: 298px) 100vw, 298px\" \/><\/a> \u00a0 <a href=\"https:\/\/agrar-hoh.de\/wp-content\/uploads\/Planen-3.jpg\"><img loading=\"lazy\" decoding=\"async\" class=\"alignnone wp-image-339\" src=\"https:\/\/agrar-hoh.de\/wp-content\/uploads\/Planen-3.jpg\" alt=\"Planen-3\" width=\"301\" height=\"181\" srcset=\"https:\/\/agrar-hoh.de\/wp-content\/uploads\/Planen-3.jpg 2362w, https:\/\/agrar-hoh.de\/wp-content\/uploads\/Planen-3-300x180.jpg 300w, https:\/\/agrar-hoh.de\/wp-content\/uploads\/Planen-3-768x461.jpg 768w, https:\/\/agrar-hoh.de\/wp-content\/uploads\/Planen-3-1024x615.jpg 1024w, https:\/\/agrar-hoh.de\/wp-content\/uploads\/Planen-3-624x375.jpg 624w\" sizes=\"(max-width: 301px) 100vw, 301px\" \/><\/a><\/div>\n<div>\n<p><strong>Hinweis zu weiteren Milchprodukten:<\/strong> Ob wir weitere frische, selbst hergestellte Milchprodukte anbieten \u2013 ist offen. Dazu warten wir auf die Zusagen von F\u00f6rdermitteln. Ohne diese ist es uns leider nicht m\u00f6glich eine so kleine K\u00e4serei aufzubauen.<\/p>\n<p><strong>&#8211; Frischer und regionaler geht es nicht! &#8211; <\/strong>KEINE logistischen Wege und aufwendige Verarbeitungsstufen sind garantiert!<\/p>\n<p><strong><img decoding=\"async\" class=\"details-image alignleft\" draggable=\"false\" src=\"https:\/\/agrar-hoh.de\/wp-content\/uploads\/hand_40x49.png\" alt=\"Home\" \/> Ihr aktiver Beitrag zum Klimaschutz!<\/strong><\/p>\n<\/div>\n<div style=\"text-align: left;\"><hr \/><a href=\"https:\/\/agrar-hoh.de\/wp-content\/uploads\/1000073762.jpg\"><img loading=\"lazy\" decoding=\"async\" class=\"alignnone size-medium wp-image-977\" src=\"https:\/\/agrar-hoh.de\/wp-content\/uploads\/1000073762-300x169.jpg\" alt=\"Home\" width=\"300\" height=\"169\" srcset=\"https:\/\/agrar-hoh.de\/wp-content\/uploads\/1000073762-300x169.jpg 300w, https:\/\/agrar-hoh.de\/wp-content\/uploads\/1000073762-768x432.jpg 768w, https:\/\/agrar-hoh.de\/wp-content\/uploads\/1000073762-624x351.jpg 624w, https:\/\/agrar-hoh.de\/wp-content\/uploads\/1000073762.jpg 960w\" sizes=\"(max-width: 300px) 100vw, 300px\" \/><\/a> <a href=\"https:\/\/agrar-hoh.de\/wp-content\/uploads\/1000096627.jpg\"><img loading=\"lazy\" decoding=\"async\" class=\"alignnone size-medium wp-image-978\" src=\"https:\/\/agrar-hoh.de\/wp-content\/uploads\/1000096627-300x169.jpg\" alt=\"Home\" width=\"300\" height=\"169\" srcset=\"https:\/\/agrar-hoh.de\/wp-content\/uploads\/1000096627-300x169.jpg 300w, https:\/\/agrar-hoh.de\/wp-content\/uploads\/1000096627-768x432.jpg 768w, https:\/\/agrar-hoh.de\/wp-content\/uploads\/1000096627-624x351.jpg 624w, https:\/\/agrar-hoh.de\/wp-content\/uploads\/1000096627.jpg 960w\" sizes=\"(max-width: 300px) 100vw, 300px\" \/><\/a> <a href=\"https:\/\/agrar-hoh.de\/wp-content\/uploads\/1000004161.jpg\"><img loading=\"lazy\" decoding=\"async\" class=\"alignnone size-medium wp-image-975\" src=\"https:\/\/agrar-hoh.de\/wp-content\/uploads\/1000004161-300x169.jpg\" alt=\"Home\" width=\"300\" height=\"169\" srcset=\"https:\/\/agrar-hoh.de\/wp-content\/uploads\/1000004161-300x169.jpg 300w, https:\/\/agrar-hoh.de\/wp-content\/uploads\/1000004161-768x432.jpg 768w, https:\/\/agrar-hoh.de\/wp-content\/uploads\/1000004161-624x351.jpg 624w, https:\/\/agrar-hoh.de\/wp-content\/uploads\/1000004161.jpg 960w\" sizes=\"(max-width: 300px) 100vw, 300px\" \/><\/a> <a href=\"https:\/\/agrar-hoh.de\/wp-content\/uploads\/1000021386.jpg\"><img loading=\"lazy\" decoding=\"async\" class=\"alignnone size-medium wp-image-976\" src=\"https:\/\/agrar-hoh.de\/wp-content\/uploads\/1000021386-300x169.jpg\" alt=\"Home\" width=\"300\" height=\"169\" srcset=\"https:\/\/agrar-hoh.de\/wp-content\/uploads\/1000021386-300x169.jpg 300w, https:\/\/agrar-hoh.de\/wp-content\/uploads\/1000021386-768x432.jpg 768w, https:\/\/agrar-hoh.de\/wp-content\/uploads\/1000021386-624x351.jpg 624w, https:\/\/agrar-hoh.de\/wp-content\/uploads\/1000021386.jpg 960w\" sizes=\"(max-width: 300px) 100vw, 300px\" \/><\/a> <a href=\"https:\/\/agrar-hoh.de\/wp-content\/uploads\/K\u00e4lberdorf.jpg\"><img loading=\"lazy\" decoding=\"async\" class=\"alignnone  wp-image-235\" src=\"https:\/\/agrar-hoh.de\/wp-content\/uploads\/K\u00e4lberdorf-300x168.jpg\" alt=\"Home\" width=\"302\" height=\"169\" srcset=\"https:\/\/agrar-hoh.de\/wp-content\/uploads\/K\u00e4lberdorf-300x168.jpg 300w, https:\/\/agrar-hoh.de\/wp-content\/uploads\/K\u00e4lberdorf-1024x575.jpg 1024w, https:\/\/agrar-hoh.de\/wp-content\/uploads\/K\u00e4lberdorf-624x350.jpg 624w, https:\/\/agrar-hoh.de\/wp-content\/uploads\/K\u00e4lberdorf.jpg 1200w\" sizes=\"(max-width: 302px) 100vw, 302px\" \/><\/a><a href=\"https:\/\/agrar-hoh.de\/wp-content\/uploads\/1000096594.jpg\"> <img loading=\"lazy\" decoding=\"async\" class=\"alignnone size-medium wp-image-980\" src=\"https:\/\/agrar-hoh.de\/wp-content\/uploads\/1000096594-300x169.jpg\" alt=\"Home\" width=\"300\" height=\"169\" srcset=\"https:\/\/agrar-hoh.de\/wp-content\/uploads\/1000096594-300x169.jpg 300w, https:\/\/agrar-hoh.de\/wp-content\/uploads\/1000096594-768x432.jpg 768w, https:\/\/agrar-hoh.de\/wp-content\/uploads\/1000096594-624x351.jpg 624w, https:\/\/agrar-hoh.de\/wp-content\/uploads\/1000096594.jpg 960w\" sizes=\"(max-width: 300px) 100vw, 300px\" \/><\/a>\n<h2>Sch\u00f6n, dass Sie zu uns gefunden haben!<\/h2>\n<\/div>\n<p><!--more--><\/p>\n<\/div><\/div>\n\n\n\n<p><\/p>\n","protected":false},"excerpt":{"rendered":"<p>Milchtankstelle ge\u00f6ffnet! Liebe Kunden, unsere Milchtankstelle ist weiterhin t\u00e4glich f\u00fcr Sie ge\u00f6ffnet. Wir freuen uns auf Ihren Besuch! Auszeichnung im Landeswettbewerb \u201eTiergerechte und umweltvertr\u00e4gliche Haltung in Sachsen 2023\/2024\u201c Unsere Genossenschaft wurde vom S\u00e4chsischen Landesbauernverband sowie vom Staatsministerium f\u00fcr Umwelt und Landwirtschaft Dresden in der Kategorie\u00a0 Milchrinder ausgezeichnet. Unser Betrieb hat in diesem Wettbewerb eindrucksvoll gezeigt, [&hellip;]<\/p>\n","protected":false},"author":2,"featured_media":0,"parent":0,"menu_order":0,"comment_status":"closed","ping_status":"closed","template":"","meta":{"footnotes":""},"_links":{"self":[{"href":"https:\/\/agrar-hoh.de\/index.php?rest_route=\/wp\/v2\/pages\/7"}],"collection":[{"href":"https:\/\/agrar-hoh.de\/index.php?rest_route=\/wp\/v2\/pages"}],"about":[{"href":"https:\/\/agrar-hoh.de\/index.php?rest_route=\/wp\/v2\/types\/page"}],"author":[{"embeddable":true,"href":"https:\/\/agrar-hoh.de\/index.php?rest_route=\/wp\/v2\/users\/2"}],"replies":[{"embeddable":true,"href":"https:\/\/agrar-hoh.de\/index.php?rest_route=%2Fwp%2Fv2%2Fcomments&post=7"}],"version-history":[{"count":204,"href":"https:\/\/agrar-hoh.de\/index.php?rest_route=\/wp\/v2\/pages\/7\/revisions"}],"predecessor-version":[{"id":1039,"href":"https:\/\/agrar-hoh.de\/index.php?rest_route=\/wp\/v2\/pages\/7\/revisions\/1039"}],"wp:attachment":[{"href":"https:\/\/agrar-hoh.de\/index.php?rest_route=%2Fwp%2Fv2%2Fmedia&parent=7"}],"curies":[{"name":"wp","href":"https:\/\/api.w.org\/{rel}","templated":true}]}}