{"id":56,"date":"2014-10-01T12:44:16","date_gmt":"2014-10-01T10:44:16","guid":{"rendered":"http:\/\/agrar-hoh.de\/?page_id=56"},"modified":"2020-07-08T16:11:33","modified_gmt":"2020-07-08T14:11:33","slug":"stellenangebote","status":"publish","type":"page","link":"https:\/\/agrar-hoh.de\/?page_id=56","title":{"rendered":"Stellenangebote"},"content":{"rendered":"<p>Vielen Dank f\u00fcr Ihr Interesse an der Mitarbeit bei der <strong><span style=\"color: #008000;\">Agrargenossenschaft Hohenroda eG<\/span><\/strong>.<\/p>\n<hr \/>\n<div><strong><strong>Sie suchen eine neue Herausforderung in Ihrem Berufsleben?<\/strong><\/strong><\/div>\n<div><\/div>\n<p>Wir sind st\u00e4ndig auf der Suche nach motivierter, tierliebender und tatkr\u00e4ftiger Unterst\u00fctzung f\u00fcr unsere Agrargenossenschaft in den Bereichen <strong>Tierwirt\/in, Tierpfleger\/in und Melker\/in.<\/strong><\/p>\n<p>Ort: 04509 Sachsen &#8211; Sch\u00f6nw\u00f6lkau-Hohenroda<\/p>\n<p>Aufgaben:<br \/>\n&#8211; Melken im Side-by-Side Swing over<br \/>\n&#8211; Pflege der Buchten<br \/>\n&#8211; Vor- und Nachbereiten des Melkstandes<br \/>\n&#8211; Versorgung Frischabkalber<br \/>\n&#8211; K\u00e4lbermanagement<\/p>\n<p>Erfahrungen als Melker\/in, am besten Facharbeiter, werden vorausgesetzt. W\u00fcnschenswert sind immer ein \u00fcbergreifendes Interesse an allen Themen und eine fokussierte Spezialisierung. Sie sind motiviert, zuverl\u00e4ssig und teamf\u00e4hig, dann melden Sie sich gern bei uns.<\/p>\n<p><strong>Hinweis:<\/strong> Bitte nutzen Sie jederzeit die M\u00f6glichkeit einer Initiativbewerbung per E-Mail an <a href=\"mailto:info@agrar-hoh.de\">info@agrar-hoh.de<\/a><\/p>\n","protected":false},"excerpt":{"rendered":"<p>Vielen Dank f\u00fcr Ihr Interesse an der Mitarbeit bei der Agrargenossenschaft Hohenroda eG. Sie suchen eine neue Herausforderung in Ihrem Berufsleben? Wir sind st\u00e4ndig auf der Suche nach motivierter, tierliebender und tatkr\u00e4ftiger Unterst\u00fctzung f\u00fcr unsere Agrargenossenschaft in den Bereichen Tierwirt\/in, Tierpfleger\/in und Melker\/in. Ort: 04509 Sachsen &#8211; Sch\u00f6nw\u00f6lkau-Hohenroda Aufgaben: &#8211; Melken im Side-by-Side Swing over [&hellip;]<\/p>\n","protected":false},"author":2,"featured_media":0,"parent":0,"menu_order":0,"comment_status":"closed","ping_status":"open","template":"","meta":{"footnotes":""},"_links":{"self":[{"href":"https:\/\/agrar-hoh.de\/index.php?rest_route=\/wp\/v2\/pages\/56"}],"collection":[{"href":"https:\/\/agrar-hoh.de\/index.php?rest_route=\/wp\/v2\/pages"}],"about":[{"href":"https:\/\/agrar-hoh.de\/index.php?rest_route=\/wp\/v2\/types\/page"}],"author":[{"embeddable":true,"href":"https:\/\/agrar-hoh.de\/index.php?rest_route=\/wp\/v2\/users\/2"}],"replies":[{"embeddable":true,"href":"https:\/\/agrar-hoh.de\/index.php?rest_route=%2Fwp%2Fv2%2Fcomments&post=56"}],"version-history":[{"count":53,"href":"https:\/\/agrar-hoh.de\/index.php?rest_route=\/wp\/v2\/pages\/56\/revisions"}],"predecessor-version":[{"id":598,"href":"https:\/\/agrar-hoh.de\/index.php?rest_route=\/wp\/v2\/pages\/56\/revisions\/598"}],"wp:attachment":[{"href":"https:\/\/agrar-hoh.de\/index.php?rest_route=%2Fwp%2Fv2%2Fmedia&parent=56"}],"curies":[{"name":"wp","href":"https:\/\/api.w.org\/{rel}","templated":true}]}}