{"id":310,"date":"2016-05-12T13:01:16","date_gmt":"2016-05-12T11:01:16","guid":{"rendered":"http:\/\/agrar-hoh.de\/?page_id=310"},"modified":"2020-02-20T10:26:52","modified_gmt":"2020-02-20T08:26:52","slug":"milch-tanken","status":"publish","type":"page","link":"https:\/\/agrar-hoh.de\/?page_id=310","title":{"rendered":"Milch tanken"},"content":{"rendered":"<h1><span style=\"color: #00ccff;\"><span style=\"color: #339966;\">Milchgenuss pur!<\/span><br \/>\n<\/span><\/h1>\n<p><a href=\"https:\/\/agrar-hoh.de\/wp-content\/uploads\/Eingang-neu-1.jpg\"><img loading=\"lazy\" decoding=\"async\" class=\"alignnone size-full wp-image-365\" src=\"https:\/\/agrar-hoh.de\/wp-content\/uploads\/Eingang-neu-1.jpg\" alt=\"Eingang neu (1)\" width=\"2560\" height=\"1920\" srcset=\"https:\/\/agrar-hoh.de\/wp-content\/uploads\/Eingang-neu-1.jpg 2560w, https:\/\/agrar-hoh.de\/wp-content\/uploads\/Eingang-neu-1-300x225.jpg 300w, https:\/\/agrar-hoh.de\/wp-content\/uploads\/Eingang-neu-1-768x576.jpg 768w, https:\/\/agrar-hoh.de\/wp-content\/uploads\/Eingang-neu-1-1024x768.jpg 1024w, https:\/\/agrar-hoh.de\/wp-content\/uploads\/Eingang-neu-1-624x468.jpg 624w\" sizes=\"(max-width: 2560px) 100vw, 2560px\" \/><\/a><br \/>\n<em>Agrargenossenschaft Hohenroda: &#8222;Milch tanken&#8220;<br \/>\nFrisch &#8211; Nat\u00fcrlich &#8211; Unbehandelt &#8211; Direkt beim Erzeuger<\/em><\/p>\n<p><span style=\"color: #00ccff;\"><strong>&#8222;Milch tanken&#8220; ist zertifiziert f\u00fcr &#8222;Ohne Gentechnik&#8220;<br \/>\n<a href=\"https:\/\/agrar-hoh.de\/wp-content\/uploads\/Zertifikat-LKS.pdf\"><img loading=\"lazy\" decoding=\"async\" class=\"alignnone size-full wp-image-413\" src=\"https:\/\/agrar-hoh.de\/wp-content\/uploads\/Vorschau_Zertifikat-LKS.png\" alt=\"vorschau_zertifikat-lks\" width=\"97\" height=\"137\" \/><\/a><\/strong><\/span><\/p>\n<p><strong><span style=\"color: #00ccff;\">&#8222;Milch tanken&#8220;<\/span><\/strong> t\u00e4glich<span style=\"color: #00ccff;\"> <strong>von 5.00 Uhr bis 23.00 Uhr<\/strong><\/span><br \/>\nDie Agrargenossenschaft Hohenroda l\u00e4dt Sie recht herzlich ein, Ihre frische Milch direkt vom Erzeuger zu zapfen.<\/p>\n\t\r\n    <div class=\"gal-container\" id=\"slgf_484\">\r\n\t\t            <!--get the post id-->\r\n\t\t\t\r\n            <!--Gallery Title-->\r\n\t\t\t\r\n            <div class=\"gallery1 lightgallery_484\">\r\n\t\t\t\t\t\t\t\t\t\t<div class=\"col-md-6 col-sm-6 wl-gallery\" data-src=\"https:\/\/agrar-hoh.de\/wp-content\/uploads\/benzin-wiederbefullungsstation_318-37811.jpg\" >\r\n\r\n                            <div class=\"img-box-shadow\">\r\n\r\n\t\t\t\t\t\t\t\t\r\n                                <a title=\"Milchautomat\" data-lightbox='swipebox_484' class=\"swipebox_484\"\r\n                                   href=\"https:\/\/agrar-hoh.de\/wp-content\/uploads\/benzin-wiederbefullungsstation_318-37811.jpg\">\r\n                                    <div class=\"b-link-stroke b-animate-go\">\r\n                                        <img decoding=\"async\" src=\"https:\/\/agrar-hoh.de\/wp-content\/uploads\/benzin-wiederbefullungsstation_318-37811.jpg\" class=\"gall-img-responsive\"\r\n                                             alt=\"Milchautomat\">\r\n                                    <\/div>\r\n                                <\/a>\r\n                                <!--Gallery Label-->\r\n\t\t\t\t\t\t\t\t<div class=\"slgf_home_portfolio_caption\">\r\n\t\t\t\t\t\t\t\t\t\t\t\t\t\t\t\t\t\t<h3 class=\"b-wrapper\" style=\"color: #000000\">\r\n\t\t\t\t\t\t\t\t\t\tMilchautomat\t\t\t\t\t\t\t\t\t<\/h3>\r\n\t\t\t\t\t\t\t\t\t\t\t\t\t\t\t\t\t\t<a style=\"padding:5px; font-size:12px;background-color:#ffffff;color : #ffffff\" id=\"same_page\" data-lightbox='swipebox_484' class=\"read_more_btn swipebox_484\"\r\n                                   href=\"https:\/\/agrar-hoh.de\/wp-content\/uploads\/benzin-wiederbefullungsstation_318-37811.jpg\" title=\"Milchautomat\" target=\"_self\">\r\n\t\t\t\t\t\t\t\t\t\t\t\t\t\t\t\t\t\t\t<\/a>\r\n\t\t\t\t\t\t\t\t<\/div>\t\t\t\t\t\t\t\t\r\n                            <\/div>\r\n                        <\/div>\r\n\t\t\t\t\t\t\t\t\t\t\t\t<div class=\"col-md-6 col-sm-6 wl-gallery\" data-src=\"https:\/\/agrar-hoh.de\/wp-content\/uploads\/euro-xxl.png\" >\r\n\r\n                            <div class=\"img-box-shadow\">\r\n\r\n\t\t\t\t\t\t\t\t\r\n                                <a title=\"Fairer Preis\" data-lightbox='swipebox_484' class=\"swipebox_484\"\r\n                                   href=\"https:\/\/agrar-hoh.de\/wp-content\/uploads\/euro-xxl.png\">\r\n                                    <div class=\"b-link-stroke b-animate-go\">\r\n                                        <img decoding=\"async\" src=\"https:\/\/agrar-hoh.de\/wp-content\/uploads\/euro-xxl.png\" class=\"gall-img-responsive\"\r\n                                             alt=\"Fairer Preis\">\r\n                                    <\/div>\r\n                                <\/a>\r\n                                <!--Gallery Label-->\r\n\t\t\t\t\t\t\t\t<div class=\"slgf_home_portfolio_caption\">\r\n\t\t\t\t\t\t\t\t\t\t\t\t\t\t\t\t\t\t<h3 class=\"b-wrapper\" style=\"color: #000000\">\r\n\t\t\t\t\t\t\t\t\t\tFairer Preis\t\t\t\t\t\t\t\t\t<\/h3>\r\n\t\t\t\t\t\t\t\t\t\t\t\t\t\t\t\t\t\t<a style=\"padding:5px; font-size:12px;background-color:#ffffff;color : #ffffff\" id=\"same_page\" data-lightbox='swipebox_484' class=\"read_more_btn swipebox_484\"\r\n                                   href=\"https:\/\/agrar-hoh.de\/wp-content\/uploads\/euro-xxl.png\" title=\"Fairer Preis\" target=\"_self\">\r\n\t\t\t\t\t\t\t\t\t\t\t\t\t\t\t\t\t\t\t<\/a>\r\n\t\t\t\t\t\t\t\t<\/div>\t\t\t\t\t\t\t\t\r\n                            <\/div>\r\n                        <\/div>\r\n\t\t\t\t\t\t\t\t\t\t\t\t<div class=\"col-md-6 col-sm-6 wl-gallery\" data-src=\"https:\/\/agrar-hoh.de\/wp-content\/uploads\/flasche-milch-mit-tropfchen_318-45040.jpg\" >\r\n\r\n                            <div class=\"img-box-shadow\">\r\n\r\n\t\t\t\t\t\t\t\t\r\n                                <a title=\"Beste Qualit\u00e4t\" data-lightbox='swipebox_484' class=\"swipebox_484\"\r\n                                   href=\"https:\/\/agrar-hoh.de\/wp-content\/uploads\/flasche-milch-mit-tropfchen_318-45040.jpg\">\r\n                                    <div class=\"b-link-stroke b-animate-go\">\r\n                                        <img decoding=\"async\" src=\"https:\/\/agrar-hoh.de\/wp-content\/uploads\/flasche-milch-mit-tropfchen_318-45040.jpg\" class=\"gall-img-responsive\"\r\n                                             alt=\"Beste Qualit\u00e4t\">\r\n                                    <\/div>\r\n                                <\/a>\r\n                                <!--Gallery Label-->\r\n\t\t\t\t\t\t\t\t<div class=\"slgf_home_portfolio_caption\">\r\n\t\t\t\t\t\t\t\t\t\t\t\t\t\t\t\t\t\t<h3 class=\"b-wrapper\" style=\"color: #000000\">\r\n\t\t\t\t\t\t\t\t\t\tBeste Qualit\u00e4t\t\t\t\t\t\t\t\t\t<\/h3>\r\n\t\t\t\t\t\t\t\t\t\t\t\t\t\t\t\t\t\t<a style=\"padding:5px; font-size:12px;background-color:#ffffff;color : #ffffff\" id=\"same_page\" data-lightbox='swipebox_484' class=\"read_more_btn swipebox_484\"\r\n                                   href=\"https:\/\/agrar-hoh.de\/wp-content\/uploads\/flasche-milch-mit-tropfchen_318-45040.jpg\" title=\"Beste Qualit\u00e4t\" target=\"_self\">\r\n\t\t\t\t\t\t\t\t\t\t\t\t\t\t\t\t\t\t\t<\/a>\r\n\t\t\t\t\t\t\t\t<\/div>\t\t\t\t\t\t\t\t\r\n                            <\/div>\r\n                        <\/div>\r\n\t\t\t\t\t\t\t\t\t\t\t\t<div class=\"col-md-6 col-sm-6 wl-gallery\" data-src=\"https:\/\/agrar-hoh.de\/wp-content\/uploads\/kuh-gesicht-vor_318-74529.jpg\" >\r\n\r\n                            <div class=\"img-box-shadow\">\r\n\r\n\t\t\t\t\t\t\t\t\r\n                                <a title=\"Frisch aus dem Euter\" data-lightbox='swipebox_484' class=\"swipebox_484\"\r\n                                   href=\"https:\/\/agrar-hoh.de\/wp-content\/uploads\/kuh-gesicht-vor_318-74529.jpg\">\r\n                                    <div class=\"b-link-stroke b-animate-go\">\r\n                                        <img decoding=\"async\" src=\"https:\/\/agrar-hoh.de\/wp-content\/uploads\/kuh-gesicht-vor_318-74529.jpg\" class=\"gall-img-responsive\"\r\n                                             alt=\"Frisch aus dem Euter\">\r\n                                    <\/div>\r\n                                <\/a>\r\n                                <!--Gallery Label-->\r\n\t\t\t\t\t\t\t\t<div class=\"slgf_home_portfolio_caption\">\r\n\t\t\t\t\t\t\t\t\t\t\t\t\t\t\t\t\t\t<h3 class=\"b-wrapper\" style=\"color: #000000\">\r\n\t\t\t\t\t\t\t\t\t\tFrisch aus dem Euter\t\t\t\t\t\t\t\t\t<\/h3>\r\n\t\t\t\t\t\t\t\t\t\t\t\t\t\t\t\t\t\t<a style=\"padding:5px; font-size:12px;background-color:#ffffff;color : #ffffff\" id=\"same_page\" data-lightbox='swipebox_484' class=\"read_more_btn swipebox_484\"\r\n                                   href=\"https:\/\/agrar-hoh.de\/wp-content\/uploads\/kuh-gesicht-vor_318-74529.jpg\" title=\"Frisch aus dem Euter\" target=\"_self\">\r\n\t\t\t\t\t\t\t\t\t\t\t\t\t\t\t\t\t\t\t<\/a>\r\n\t\t\t\t\t\t\t\t<\/div>\t\t\t\t\t\t\t\t\r\n                            <\/div>\r\n                        <\/div>\r\n\t\t\t\t\t\t            <\/div>\r\n\t\t    <\/div>\r\n\r\n    <!-- Swipe Box-->\r\n    \n<p>Die <strong><span style=\"color: #00ccff;\">Agrargenossenschaft Hohenroda<\/span><\/strong> verspricht eine rundum frische und regionale Qualit\u00e4t der Milch.<\/p>\n<p>Die 600 Milchk\u00fche werden nach der &#8222;Qualit\u00e4tssicherung Milch&#8220; betreut. Freiwillig verzichten wir seit geraumer Zeit auf die F\u00fctterung von, aus \u00dcbersee importierten, Sojaprodukten und setzen daf\u00fcr heimische Rapsschrot ein. Die frisch gewonnene Milch kommt direkt in den Milchautomaten.<\/p>\n<p>Der Automat erm\u00f6glicht es Ihnen, ohne jeglichen Zwischenhandel, die Milch direkt &#8222;von der Kuh&#8220; zu genie\u00dfen und legt keine lange Wege zur\u00fcck, bevor sie das K\u00fchlregal erreicht.<\/p>\n<p>Durch den direkten Verkauf der Milch ab Hof sichern Sie sich zu einem fairen Preis das hochwertige Produkt Milch. Erwerben Sie f\u00fcr nur <span style=\"color: #00ccff;\"><strong>1\u20ac einen Liter Milch<\/strong><\/span>. <strong><span style=\"color: #00ccff;\">Milchflaschen<\/span> <\/strong>stehen f\u00fcr <strong><span style=\"color: #00ccff;\">0,50 \u20ac<\/span><\/strong> f\u00fcr Sie bereit oder Sie bringen ihre eigenen Gef\u00e4\u00dfe mit.<\/p>\n<p>Nach Umbauarbeiten jetzt auch <strong><span style=\"color: #00ccff;\">Barrierefrei<\/span> <span style=\"color: #00ccff;\">zu erreichen<\/span><\/strong>!<\/p>\n<p>Die Milch ist problemlos mehrere Tage im K\u00fchlschrank haltbar.<\/p>\n\t\r\n    <div class=\"gal-container\" id=\"slgf_487\">\r\n\t\t            <!--get the post id-->\r\n\t\t\t\r\n            <!--Gallery Title-->\r\n\t\t\t                <div class=\"slg_title_class\">\r\n\t\t\t\t\tGallerie                <\/div>\r\n\t\t\t\r\n            <div class=\"gallery1 lightgallery_487\">\r\n\t\t\t\t\t\t\t\t\t\t<div class=\"col-md-6 col-sm-6 wl-gallery\" data-src=\"https:\/\/agrar-hoh.de\/wp-content\/uploads\/Bilder-Eingang-23_Web.jpg\" >\r\n\r\n                            <div class=\"img-box-shadow\">\r\n\r\n\t\t\t\t\t\t\t\t\r\n                                <a title=\"Label\" data-lightbox='swipebox_487' class=\"swipebox_487\"\r\n                                   href=\"https:\/\/agrar-hoh.de\/wp-content\/uploads\/Bilder-Eingang-23_Web.jpg\">\r\n                                    <div class=\"b-link-stroke b-animate-go\">\r\n                                        <img decoding=\"async\" src=\"https:\/\/agrar-hoh.de\/wp-content\/uploads\/Bilder-Eingang-23_Web.jpg\" class=\"gall-img-responsive\"\r\n                                             alt=\"Label\">\r\n                                    <\/div>\r\n                                <\/a>\r\n                                <!--Gallery Label-->\r\n\t\t\t\t\t\t\t\t<div class=\"slgf_home_portfolio_caption\">\r\n\t\t\t\t\t\t\t\t\t\t\t\t\t\t\t\t\t\t<a style=\"padding:5px; font-size:12px;background-color:#ffffff;color : #ffffff\" id=\"same_page\" data-lightbox='swipebox_487' class=\"read_more_btn swipebox_487\"\r\n                                   href=\"https:\/\/agrar-hoh.de\/wp-content\/uploads\/Bilder-Eingang-23_Web.jpg\" title=\"Label\" target=\"_self\">\r\n\t\t\t\t\t\t\t\t\t\t\t\t\t\t\t\t\t\t\t<\/a>\r\n\t\t\t\t\t\t\t\t<\/div>\t\t\t\t\t\t\t\t\r\n                            <\/div>\r\n                        <\/div>\r\n\t\t\t\t\t\t\t\t\t\t\t\t<div class=\"col-md-6 col-sm-6 wl-gallery\" data-src=\"https:\/\/agrar-hoh.de\/wp-content\/uploads\/Automat-Bild_Web.jpg\" >\r\n\r\n                            <div class=\"img-box-shadow\">\r\n\r\n\t\t\t\t\t\t\t\t\r\n                                <a title=\"Label\" data-lightbox='swipebox_487' class=\"swipebox_487\"\r\n                                   href=\"https:\/\/agrar-hoh.de\/wp-content\/uploads\/Automat-Bild_Web.jpg\">\r\n                                    <div class=\"b-link-stroke b-animate-go\">\r\n                                        <img decoding=\"async\" src=\"https:\/\/agrar-hoh.de\/wp-content\/uploads\/Automat-Bild_Web.jpg\" class=\"gall-img-responsive\"\r\n                                             alt=\"Label\">\r\n                                    <\/div>\r\n                                <\/a>\r\n                                <!--Gallery Label-->\r\n\t\t\t\t\t\t\t\t<div class=\"slgf_home_portfolio_caption\">\r\n\t\t\t\t\t\t\t\t\t\t\t\t\t\t\t\t\t\t<a style=\"padding:5px; font-size:12px;background-color:#ffffff;color : #ffffff\" id=\"same_page\" data-lightbox='swipebox_487' class=\"read_more_btn swipebox_487\"\r\n                                   href=\"https:\/\/agrar-hoh.de\/wp-content\/uploads\/Automat-Bild_Web.jpg\" title=\"Label\" target=\"_self\">\r\n\t\t\t\t\t\t\t\t\t\t\t\t\t\t\t\t\t\t\t<\/a>\r\n\t\t\t\t\t\t\t\t<\/div>\t\t\t\t\t\t\t\t\r\n                            <\/div>\r\n                        <\/div>\r\n\t\t\t\t\t\t\t\t\t\t\t\t<div class=\"col-md-6 col-sm-6 wl-gallery\" data-src=\"https:\/\/agrar-hoh.de\/wp-content\/uploads\/Eingang-neu-11.jpg\" >\r\n\r\n                            <div class=\"img-box-shadow\">\r\n\r\n\t\t\t\t\t\t\t\t\r\n                                <a title=\"Label\" data-lightbox='swipebox_487' class=\"swipebox_487\"\r\n                                   href=\"https:\/\/agrar-hoh.de\/wp-content\/uploads\/Eingang-neu-11.jpg\">\r\n                                    <div class=\"b-link-stroke b-animate-go\">\r\n                                        <img decoding=\"async\" src=\"https:\/\/agrar-hoh.de\/wp-content\/uploads\/Eingang-neu-11.jpg\" class=\"gall-img-responsive\"\r\n                                             alt=\"Label\">\r\n                                    <\/div>\r\n                                <\/a>\r\n                                <!--Gallery Label-->\r\n\t\t\t\t\t\t\t\t<div class=\"slgf_home_portfolio_caption\">\r\n\t\t\t\t\t\t\t\t\t\t\t\t\t\t\t\t\t\t<a style=\"padding:5px; font-size:12px;background-color:#ffffff;color : #ffffff\" id=\"same_page\" data-lightbox='swipebox_487' class=\"read_more_btn swipebox_487\"\r\n                                   href=\"https:\/\/agrar-hoh.de\/wp-content\/uploads\/Eingang-neu-11.jpg\" title=\"Label\" target=\"_self\">\r\n\t\t\t\t\t\t\t\t\t\t\t\t\t\t\t\t\t\t\t<\/a>\r\n\t\t\t\t\t\t\t\t<\/div>\t\t\t\t\t\t\t\t\r\n                            <\/div>\r\n                        <\/div>\r\n\t\t\t\t\t\t\t\t\t\t\t\t<div class=\"col-md-6 col-sm-6 wl-gallery\" data-src=\"https:\/\/agrar-hoh.de\/wp-content\/uploads\/Eingang-neu-9.jpg\" >\r\n\r\n                            <div class=\"img-box-shadow\">\r\n\r\n\t\t\t\t\t\t\t\t\r\n                                <a title=\"Label\" data-lightbox='swipebox_487' class=\"swipebox_487\"\r\n                                   href=\"https:\/\/agrar-hoh.de\/wp-content\/uploads\/Eingang-neu-9.jpg\">\r\n                                    <div class=\"b-link-stroke b-animate-go\">\r\n                                        <img decoding=\"async\" src=\"https:\/\/agrar-hoh.de\/wp-content\/uploads\/Eingang-neu-9.jpg\" class=\"gall-img-responsive\"\r\n                                             alt=\"Label\">\r\n                                    <\/div>\r\n                                <\/a>\r\n                                <!--Gallery Label-->\r\n\t\t\t\t\t\t\t\t<div class=\"slgf_home_portfolio_caption\">\r\n\t\t\t\t\t\t\t\t\t\t\t\t\t\t\t\t\t\t<a style=\"padding:5px; font-size:12px;background-color:#ffffff;color : #ffffff\" id=\"same_page\" data-lightbox='swipebox_487' class=\"read_more_btn swipebox_487\"\r\n                                   href=\"https:\/\/agrar-hoh.de\/wp-content\/uploads\/Eingang-neu-9.jpg\" title=\"Label\" target=\"_self\">\r\n\t\t\t\t\t\t\t\t\t\t\t\t\t\t\t\t\t\t\t<\/a>\r\n\t\t\t\t\t\t\t\t<\/div>\t\t\t\t\t\t\t\t\r\n                            <\/div>\r\n                        <\/div>\r\n\t\t\t\t\t\t            <\/div>\r\n\t\t    <\/div>\r\n\r\n    <!-- Swipe Box-->\r\n    \n","protected":false},"excerpt":{"rendered":"<p>Milchgenuss pur! Agrargenossenschaft Hohenroda: &#8222;Milch tanken&#8220; Frisch &#8211; Nat\u00fcrlich &#8211; Unbehandelt &#8211; Direkt beim Erzeuger &#8222;Milch tanken&#8220; ist zertifiziert f\u00fcr &#8222;Ohne Gentechnik&#8220; &#8222;Milch tanken&#8220; t\u00e4glich von 5.00 Uhr bis 23.00 Uhr Die Agrargenossenschaft Hohenroda l\u00e4dt Sie recht herzlich ein, Ihre frische Milch direkt vom Erzeuger zu zapfen. Die Agrargenossenschaft Hohenroda verspricht eine rundum frische und [&hellip;]<\/p>\n","protected":false},"author":2,"featured_media":0,"parent":0,"menu_order":0,"comment_status":"closed","ping_status":"closed","template":"","meta":{"footnotes":""},"_links":{"self":[{"href":"https:\/\/agrar-hoh.de\/index.php?rest_route=\/wp\/v2\/pages\/310"}],"collection":[{"href":"https:\/\/agrar-hoh.de\/index.php?rest_route=\/wp\/v2\/pages"}],"about":[{"href":"https:\/\/agrar-hoh.de\/index.php?rest_route=\/wp\/v2\/types\/page"}],"author":[{"embeddable":true,"href":"https:\/\/agrar-hoh.de\/index.php?rest_route=\/wp\/v2\/users\/2"}],"replies":[{"embeddable":true,"href":"https:\/\/agrar-hoh.de\/index.php?rest_route=%2Fwp%2Fv2%2Fcomments&post=310"}],"version-history":[{"count":55,"href":"https:\/\/agrar-hoh.de\/index.php?rest_route=\/wp\/v2\/pages\/310\/revisions"}],"predecessor-version":[{"id":901,"href":"https:\/\/agrar-hoh.de\/index.php?rest_route=\/wp\/v2\/pages\/310\/revisions\/901"}],"wp:attachment":[{"href":"https:\/\/agrar-hoh.de\/index.php?rest_route=%2Fwp%2Fv2%2Fmedia&parent=310"}],"curies":[{"name":"wp","href":"https:\/\/api.w.org\/{rel}","templated":true}]}}