{"id":25,"date":"2014-09-30T09:17:13","date_gmt":"2014-09-30T07:17:13","guid":{"rendered":"http:\/\/agrar-hoh.de\/?page_id=25"},"modified":"2020-03-26T17:08:22","modified_gmt":"2020-03-26T15:08:22","slug":"was-machen-wir","status":"publish","type":"page","link":"https:\/\/agrar-hoh.de\/?page_id=25","title":{"rendered":"Was machen wir"},"content":{"rendered":"<p>Wir sind ein <span style=\"color: #008000;\"><strong>landwirtschaftliches Unternehmen<\/strong><\/span> in Nordsachsen. Unsere Produktion erfolgt nachhaltig und im Einklang mit der Natur. Wir betreiben Ackerbau nach dem s\u00e4chsischen Programm f\u00fcr umweltgerechte Landwirtschaft und mit modernster Technik.<\/p>\n<p>Ein wichtiges Standbein unseres Unternehmens ist die Haltung von Milchk\u00fchen. Mit ihnen produziert ein gut ausgebildetes Team pro Tag ca. 15.000 Liter Milch in der h\u00f6chsten Qualit\u00e4tsklasse. Der Grundstein f\u00fcr eine erfolgreiche Milchproduktion ist die Aufzucht und individuelle Betreuung unserer K\u00e4lber und Jungrinder.<\/p>\n<p>Seit dem Jahr 2000 ist die Energiewirtschaft ein gro\u00dfes Thema und f\u00fcr uns ein weiterer wichtiger Betriebszweig geworden. Wir sind stolz darauf sagen zu k\u00f6nnen, dass wir seit 2003 eine Biogasanlage und mehrere Photovoltaikanlagen betreiben und somit unseren Beitrag f\u00fcr den globalen Klima- und Umweltschutz leisten.<\/p>\n<p><span style=\"color: #008000;\"><strong>Umweltbewusstsein, Nachhaltigkeit und Ressourcenschonung &#8211; Wir als Landwirtschaftsbetrieb haben eine Verantwortung!<\/strong><\/span><\/p>\n","protected":false},"excerpt":{"rendered":"<p>Wir sind ein landwirtschaftliches Unternehmen in Nordsachsen. Unsere Produktion erfolgt nachhaltig und im Einklang mit der Natur. Wir betreiben Ackerbau nach dem s\u00e4chsischen Programm f\u00fcr umweltgerechte Landwirtschaft und mit modernster Technik. Ein wichtiges Standbein unseres Unternehmens ist die Haltung von Milchk\u00fchen. Mit ihnen produziert ein gut ausgebildetes Team pro Tag ca. 15.000 Liter Milch in [&hellip;]<\/p>\n","protected":false},"author":2,"featured_media":0,"parent":0,"menu_order":0,"comment_status":"closed","ping_status":"closed","template":"","meta":{"footnotes":""},"_links":{"self":[{"href":"https:\/\/agrar-hoh.de\/index.php?rest_route=\/wp\/v2\/pages\/25"}],"collection":[{"href":"https:\/\/agrar-hoh.de\/index.php?rest_route=\/wp\/v2\/pages"}],"about":[{"href":"https:\/\/agrar-hoh.de\/index.php?rest_route=\/wp\/v2\/types\/page"}],"author":[{"embeddable":true,"href":"https:\/\/agrar-hoh.de\/index.php?rest_route=\/wp\/v2\/users\/2"}],"replies":[{"embeddable":true,"href":"https:\/\/agrar-hoh.de\/index.php?rest_route=%2Fwp%2Fv2%2Fcomments&post=25"}],"version-history":[{"count":6,"href":"https:\/\/agrar-hoh.de\/index.php?rest_route=\/wp\/v2\/pages\/25\/revisions"}],"predecessor-version":[{"id":589,"href":"https:\/\/agrar-hoh.de\/index.php?rest_route=\/wp\/v2\/pages\/25\/revisions\/589"}],"wp:attachment":[{"href":"https:\/\/agrar-hoh.de\/index.php?rest_route=%2Fwp%2Fv2%2Fmedia&parent=25"}],"curies":[{"name":"wp","href":"https:\/\/api.w.org\/{rel}","templated":true}]}}