{"id":15,"date":"2014-09-30T09:14:24","date_gmt":"2014-09-30T07:14:24","guid":{"rendered":"http:\/\/agrar-hoh.de\/?page_id=15"},"modified":"2024-11-29T11:09:18","modified_gmt":"2024-11-29T09:09:18","slug":"energiewirtschaft","status":"publish","type":"page","link":"https:\/\/agrar-hoh.de\/?page_id=15","title":{"rendered":"Energiewirtschaft"},"content":{"rendered":"<h3><span style=\"color: #008000;\"><strong>Biogasanlage<\/strong><\/span><\/h3>\n<ul>\n<li>2003 in Betrieb genommen und Repower in 2011, dann 2018 flexibilisiert und genehmigt auf 1.184 KW elektrische Leistung<\/li>\n<li>Produktion j\u00e4hrlich ca. 4.400.000 KWh Strom \u2013 das entspricht etwa dem Verbrauch von 1.360 Haushalten (3.000 KWh je Haushalt)<\/li>\n<li>Vergoren werden die Abprodukte der Tierproduktion (G\u00fclle, Mist) erg\u00e4nzt von Produkten der Feldwirtschaft (Silo Mais, Luzernesilage, Zwischenfr\u00fcchte, Getreide, Kartoffeln, Zuckerr\u00fcben)<\/li>\n<li>Hinweise \/ Bekanntmachung zum St\u00f6rfallrecht finden Sie auf der Homepages des Fachverbandes Biogas (www.biogas.org)<\/li>\n<li>Vermarktung erfolgt \u00fcber envia M<\/li>\n<\/ul>\n<h3><span style=\"color: #008000;\"><strong>Photovoltaik<\/strong><\/span><\/h3>\n<ul>\n<li>5 Anlagen mit insgesamt 1.086 KW pik<\/li>\n<li>Jahresertrag ca. 1.025.000 KW<\/li>\n<\/ul>\n<p><a href=\"https:\/\/agrar-hoh.de\/wp-content\/uploads\/Biogasanlage-Bau-.jpg\"><img loading=\"lazy\" decoding=\"async\" class=\"alignnone  wp-image-222\" src=\"https:\/\/agrar-hoh.de\/wp-content\/uploads\/Biogasanlage-Bau-.jpg\" alt=\"Biogasanlage Bau\" width=\"294\" height=\"220\" srcset=\"https:\/\/agrar-hoh.de\/wp-content\/uploads\/Biogasanlage-Bau-.jpg 1200w, https:\/\/agrar-hoh.de\/wp-content\/uploads\/Biogasanlage-Bau--300x225.jpg 300w, https:\/\/agrar-hoh.de\/wp-content\/uploads\/Biogasanlage-Bau--1024x768.jpg 1024w, https:\/\/agrar-hoh.de\/wp-content\/uploads\/Biogasanlage-Bau--624x468.jpg 624w\" sizes=\"(max-width: 294px) 100vw, 294px\" \/><\/a> <a href=\"https:\/\/agrar-hoh.de\/wp-content\/uploads\/Biogasanlage.jpg\"><img loading=\"lazy\" decoding=\"async\" class=\"alignnone  wp-image-223\" src=\"https:\/\/agrar-hoh.de\/wp-content\/uploads\/Biogasanlage.jpg\" alt=\"Biogasanlage\" width=\"291\" height=\"218\" srcset=\"https:\/\/agrar-hoh.de\/wp-content\/uploads\/Biogasanlage.jpg 1200w, https:\/\/agrar-hoh.de\/wp-content\/uploads\/Biogasanlage-300x225.jpg 300w, https:\/\/agrar-hoh.de\/wp-content\/uploads\/Biogasanlage-1024x768.jpg 1024w, https:\/\/agrar-hoh.de\/wp-content\/uploads\/Biogasanlage-624x468.jpg 624w\" sizes=\"(max-width: 291px) 100vw, 291px\" \/><\/a> <a href=\"https:\/\/agrar-hoh.de\/wp-content\/uploads\/Blick-in-Nachg\u00e4rer.jpg\"><img loading=\"lazy\" decoding=\"async\" class=\"alignnone  wp-image-224\" src=\"https:\/\/agrar-hoh.de\/wp-content\/uploads\/Blick-in-Nachg\u00e4rer.jpg\" alt=\"Blick in Nachg\u00e4rer\" width=\"296\" height=\"166\" srcset=\"https:\/\/agrar-hoh.de\/wp-content\/uploads\/Blick-in-Nachg\u00e4rer.jpg 1200w, https:\/\/agrar-hoh.de\/wp-content\/uploads\/Blick-in-Nachg\u00e4rer-300x168.jpg 300w, https:\/\/agrar-hoh.de\/wp-content\/uploads\/Blick-in-Nachg\u00e4rer-1024x575.jpg 1024w, https:\/\/agrar-hoh.de\/wp-content\/uploads\/Blick-in-Nachg\u00e4rer-624x350.jpg 624w\" sizes=\"(max-width: 296px) 100vw, 296px\" \/><\/a> <a href=\"https:\/\/agrar-hoh.de\/wp-content\/uploads\/Reinigung-Anmaischgrube.jpg\"><img loading=\"lazy\" decoding=\"async\" class=\"alignnone  wp-image-225\" src=\"https:\/\/agrar-hoh.de\/wp-content\/uploads\/Reinigung-Anmaischgrube.jpg\" alt=\"Reinigung Anmaischgrube\" width=\"294\" height=\"165\" srcset=\"https:\/\/agrar-hoh.de\/wp-content\/uploads\/Reinigung-Anmaischgrube.jpg 1200w, https:\/\/agrar-hoh.de\/wp-content\/uploads\/Reinigung-Anmaischgrube-300x168.jpg 300w, https:\/\/agrar-hoh.de\/wp-content\/uploads\/Reinigung-Anmaischgrube-1024x575.jpg 1024w, https:\/\/agrar-hoh.de\/wp-content\/uploads\/Reinigung-Anmaischgrube-624x350.jpg 624w\" sizes=\"(max-width: 294px) 100vw, 294px\" \/><\/a><\/p>\n","protected":false},"excerpt":{"rendered":"<p>Biogasanlage 2003 in Betrieb genommen und Repower in 2011, dann 2018 flexibilisiert und genehmigt auf 1.184 KW elektrische Leistung Produktion j\u00e4hrlich ca. 4.400.000 KWh Strom \u2013 das entspricht etwa dem Verbrauch von 1.360 Haushalten (3.000 KWh je Haushalt) Vergoren werden die Abprodukte der Tierproduktion (G\u00fclle, Mist) erg\u00e4nzt von Produkten der Feldwirtschaft (Silo Mais, Luzernesilage, Zwischenfr\u00fcchte, [&hellip;]<\/p>\n","protected":false},"author":2,"featured_media":0,"parent":0,"menu_order":0,"comment_status":"closed","ping_status":"closed","template":"","meta":{"footnotes":""},"_links":{"self":[{"href":"https:\/\/agrar-hoh.de\/index.php?rest_route=\/wp\/v2\/pages\/15"}],"collection":[{"href":"https:\/\/agrar-hoh.de\/index.php?rest_route=\/wp\/v2\/pages"}],"about":[{"href":"https:\/\/agrar-hoh.de\/index.php?rest_route=\/wp\/v2\/types\/page"}],"author":[{"embeddable":true,"href":"https:\/\/agrar-hoh.de\/index.php?rest_route=\/wp\/v2\/users\/2"}],"replies":[{"embeddable":true,"href":"https:\/\/agrar-hoh.de\/index.php?rest_route=%2Fwp%2Fv2%2Fcomments&post=15"}],"version-history":[{"count":7,"href":"https:\/\/agrar-hoh.de\/index.php?rest_route=\/wp\/v2\/pages\/15\/revisions"}],"predecessor-version":[{"id":961,"href":"https:\/\/agrar-hoh.de\/index.php?rest_route=\/wp\/v2\/pages\/15\/revisions\/961"}],"wp:attachment":[{"href":"https:\/\/agrar-hoh.de\/index.php?rest_route=%2Fwp%2Fv2%2Fmedia&parent=15"}],"curies":[{"name":"wp","href":"https:\/\/api.w.org\/{rel}","templated":true}]}}