{"id":11,"date":"2014-09-30T09:13:43","date_gmt":"2014-09-30T07:13:43","guid":{"rendered":"http:\/\/agrar-hoh.de\/?page_id=11"},"modified":"2025-07-10T14:27:14","modified_gmt":"2025-07-10T12:27:14","slug":"feldbau","status":"publish","type":"page","link":"https:\/\/agrar-hoh.de\/?page_id=11","title":{"rendered":"Feldbau"},"content":{"rendered":"<p>In der <span style=\"color: #008000;\"><strong>Feldwirtschaft <\/strong><\/span>produzieren wir Marktfr\u00fcchte zum Verkauf. Dort vor allem Winterweizen, Winterraps, Wintergerste und Zuckerr\u00fcben. Au\u00dferdem erzeugen wir das Grundfutter Silo Mais, Luzernesilage und Stroh f\u00fcr unseren Rinderbestand sowie nachwachsende Rohstoffe f\u00fcr die Biogasanlage.\u00a0 Zur Erhaltung der Bodenfruchtbarkeit d\u00fcngen wir unsere B\u00f6den mit organischem und mineralischem D\u00fcnger um die Mineralien die die Pflanzen beim Wachstum dem Boden entziehen, auszugleichen.\u00a0 Dabei beachten wir die Vorgaben der D\u00fcngeverordnung.<\/p>\n<p><span style=\"color: #008000;\"><strong>Anbauplan:<\/strong><\/span><br \/>\nWinterweizen\u00a0\u00a0\u00a0\u00a0\u00a0\u00a0\u00a0 <span style=\"color: #808080;\">A-Qualit\u00e4t zum Verkauf<\/span><br \/>\nWinterroggen\u00a0\u00a0\u00a0\u00a0\u00a0\u00a0\u00a0<span style=\"color: #808080;\"> als Futter<\/span><br \/>\nWintergerste\u00a0\u00a0\u00a0\u00a0\u00a0\u00a0\u00a0\u00a0 <span style=\"color: #808080;\">als Futter oder Braugerste<\/span><br \/>\nWinterraps\u00a0\u00a0\u00a0\u00a0\u00a0\u00a0\u00a0\u00a0\u00a0\u00a0\u00a0 <span style=\"color: #808080;\">zum Verkauf an die \u00d6lm\u00fchle<\/span><br \/>\nSilo Mais\u00a0\u00a0\u00a0\u00a0\u00a0\u00a0\u00a0\u00a0\u00a0\u00a0\u00a0\u00a0\u00a0\u00a0\u00a0 <span style=\"color: #808080;\">als Futter f\u00fcr die Tiere und die Biogasanlage<\/span><br \/>\nLuzerne\u00a0\u00a0\u00a0\u00a0\u00a0\u00a0\u00a0\u00a0\u00a0\u00a0\u00a0\u00a0\u00a0\u00a0\u00a0\u00a0 <span style=\"color: #808080;\">als Futter f\u00fcr die Tiere<\/span><br \/>\nZuckerr\u00fcben\u00a0\u00a0\u00a0\u00a0\u00a0\u00a0\u00a0\u00a0 <span style=\"color: #808080;\">Verkauf an &#8222;S\u00fcdzucker Zeitz&#8220; sowie &#8222;Pfeifer &amp; Langen K\u00f6nnern&#8220;<\/span><br \/>\nGr\u00fcnland\/Weide\u00a0\u00a0 <span style=\"color: #808080;\">Futter f\u00fcr unser Jungvieh<\/span><br \/>\nBl\u00fchstreifen\/Ackerrandstreifen<br \/>\nDiverse Zwischenfr\u00fcchte als Futter und zur Bodenverbesserung<\/p>\n<p><a href=\"https:\/\/agrar-hoh.de\/wp-content\/uploads\/Screenshot-2025-07-10-141737.jpg\"><img loading=\"lazy\" decoding=\"async\" class=\"alignnone size-medium wp-image-995\" src=\"https:\/\/agrar-hoh.de\/wp-content\/uploads\/Screenshot-2025-07-10-141737-300x212.jpg\" alt=\"Feldbau\" width=\"300\" height=\"212\" srcset=\"https:\/\/agrar-hoh.de\/wp-content\/uploads\/Screenshot-2025-07-10-141737-300x212.jpg 300w, https:\/\/agrar-hoh.de\/wp-content\/uploads\/Screenshot-2025-07-10-141737-1024x722.jpg 1024w, https:\/\/agrar-hoh.de\/wp-content\/uploads\/Screenshot-2025-07-10-141737-768x542.jpg 768w, https:\/\/agrar-hoh.de\/wp-content\/uploads\/Screenshot-2025-07-10-141737-1536x1084.jpg 1536w, https:\/\/agrar-hoh.de\/wp-content\/uploads\/Screenshot-2025-07-10-141737-624x440.jpg 624w, https:\/\/agrar-hoh.de\/wp-content\/uploads\/Screenshot-2025-07-10-141737.jpg 1647w\" sizes=\"(max-width: 300px) 100vw, 300px\" \/><\/a><\/p>\n<p>F\u00fcr die Bewirtschaftung in naturbedingten oder anderen spezifischen Gr\u00fcnden benachteiligte Gebieten erhalten wir Zahlungen f\u00fcr die Umsetzung des Vorhabens: &#8222;Zahlungen f\u00fcr aus naturbedingten oder anderen spezifischen Gr\u00fcnden benachteiligte Gebiete&#8220; konnte ein Beitrag zur dauerhaften Bewirtschaftung benachteiligter landwirtschaftlicher Fl\u00e4chen und somit zum Erhalt der s\u00e4chsischen Kulturlandschaft geleistet werden. Somit konnte zur weiteren Stabilisierung der Landwirtschaftsbetriebe in den betroffenen Regionen beigetragen werden und Arbeitspl\u00e4tze in der Landwirtschaft sowie im vor- und nachgelagerten Bereich gesichert werden<\/p>\n<p><a href=\"https:\/\/agrar-hoh.de\/wp-content\/uploads\/Screenshot-2025-07-10-141653.jpg\"><img loading=\"lazy\" decoding=\"async\" class=\"alignnone size-medium wp-image-994\" src=\"https:\/\/agrar-hoh.de\/wp-content\/uploads\/Screenshot-2025-07-10-141653-300x212.jpg\" alt=\"Feldbau\" width=\"300\" height=\"212\" srcset=\"https:\/\/agrar-hoh.de\/wp-content\/uploads\/Screenshot-2025-07-10-141653-300x212.jpg 300w, https:\/\/agrar-hoh.de\/wp-content\/uploads\/Screenshot-2025-07-10-141653-1024x725.jpg 1024w, https:\/\/agrar-hoh.de\/wp-content\/uploads\/Screenshot-2025-07-10-141653-768x544.jpg 768w, https:\/\/agrar-hoh.de\/wp-content\/uploads\/Screenshot-2025-07-10-141653-1536x1088.jpg 1536w, https:\/\/agrar-hoh.de\/wp-content\/uploads\/Screenshot-2025-07-10-141653-624x442.jpg 624w, https:\/\/agrar-hoh.de\/wp-content\/uploads\/Screenshot-2025-07-10-141653.jpg 1652w\" sizes=\"(max-width: 300px) 100vw, 300px\" \/><\/a><\/p>\n<ul>\n<li>F\u00fcr die Anlage von Gr\u00fcnstreifen auf Ackerland (AL.1)<\/li>\n<\/ul>\n<p>Mit der Umsetzung des Vorhabens &#8222;AL.1 Gr\u00fcnstreifen auf Ackerland&#8220; konnte durch die ganzj\u00e4hrige Bodenbedeckung ein Beitrag zum Wasser- und Erosionsschutz auf den gef\u00f6rderten landwirtschaftlichen Fl\u00e4chen geleistet werden.<\/p>\n<ul>\n<li>F\u00fcr umweltschonende Produktionsverfahren des Ackerfutter- und Leguminosenanbaus (AL.3)<\/li>\n<\/ul>\n<p>Mit der Umsetzung des Vorhabens &#8222;AL.3 umweltschonende Produktionsverfahren des Ackerfutter- und Leguminosenanbaus&#8220; konnte durch den ganzj\u00e4hrigen Wachstumsprozess der Ackerfutterpflanzen die N\u00e4hrstoffauswaschung einged\u00e4mmt und ein Nitratr\u00fcckhalt erreicht werden. Au\u00dferdem bewirkte die ganzj\u00e4hrige Bedeckung eine Bodenstabilisierung und dient somit dem Erosionsschutz. Weiterhin wurde ein Beitrag zur Bodenfruchtbarkeit durch besonders nachhaltige Produktionsverfahren auf den gef\u00f6rderten landwirtschaftlichen Fl\u00e4chen geleistet.<\/p>\n<p><span style=\"color: #000000; font-size: 11px;\">Zust\u00e4ndig f\u00fcr die Durchf\u00fchrung der ELER-F\u00f6rderung im Freistaat Sachsen ist das Staatsministerium f\u00fcr Umwelt und Landwirtschaft (SMUL). <\/span><span style=\"color: #000000; font-size: 11px;\">Referat F\u00f6rderstrategie, ELER-Verwaltungsbeh\u00f6rde<\/span><\/p>\n<p><a href=\"https:\/\/agrar-hoh.de\/wp-content\/uploads\/Drille.jpg\"><img loading=\"lazy\" decoding=\"async\" class=\"alignnone wp-image-211\" src=\"https:\/\/agrar-hoh.de\/wp-content\/uploads\/Drille.jpg\" alt=\"M4011Q-1402\" width=\"231\" height=\"173\" srcset=\"https:\/\/agrar-hoh.de\/wp-content\/uploads\/Drille.jpg 1200w, https:\/\/agrar-hoh.de\/wp-content\/uploads\/Drille-300x225.jpg 300w, https:\/\/agrar-hoh.de\/wp-content\/uploads\/Drille-1024x768.jpg 1024w, https:\/\/agrar-hoh.de\/wp-content\/uploads\/Drille-624x468.jpg 624w\" sizes=\"(max-width: 231px) 100vw, 231px\" \/><\/a><a href=\"https:\/\/agrar-hoh.de\/wp-content\/uploads\/Drusch-abends.jpg\">\u00a0 <img loading=\"lazy\" decoding=\"async\" class=\"alignnone wp-image-212\" src=\"https:\/\/agrar-hoh.de\/wp-content\/uploads\/Drusch-abends.jpg\" alt=\"Drusch abends\" width=\"306\" height=\"172\" srcset=\"https:\/\/agrar-hoh.de\/wp-content\/uploads\/Drusch-abends.jpg 1200w, https:\/\/agrar-hoh.de\/wp-content\/uploads\/Drusch-abends-300x168.jpg 300w, https:\/\/agrar-hoh.de\/wp-content\/uploads\/Drusch-abends-1024x575.jpg 1024w, https:\/\/agrar-hoh.de\/wp-content\/uploads\/Drusch-abends-624x350.jpg 624w\" sizes=\"(max-width: 306px) 100vw, 306px\" \/><\/a><a href=\"https:\/\/agrar-hoh.de\/wp-content\/uploads\/Grubber-2.jpg\"><img loading=\"lazy\" decoding=\"async\" class=\"alignnone wp-image-213\" src=\"https:\/\/agrar-hoh.de\/wp-content\/uploads\/Grubber-2.jpg\" alt=\"M4011Q-1402\" width=\"262\" height=\"196\" srcset=\"https:\/\/agrar-hoh.de\/wp-content\/uploads\/Grubber-2.jpg 1200w, https:\/\/agrar-hoh.de\/wp-content\/uploads\/Grubber-2-300x225.jpg 300w, https:\/\/agrar-hoh.de\/wp-content\/uploads\/Grubber-2-1024x768.jpg 1024w, https:\/\/agrar-hoh.de\/wp-content\/uploads\/Grubber-2-624x468.jpg 624w\" sizes=\"(max-width: 262px) 100vw, 262px\" \/><\/a><a href=\"https:\/\/agrar-hoh.de\/wp-content\/uploads\/Grubber.jpg\">\u00a0 <img loading=\"lazy\" decoding=\"async\" class=\"alignnone wp-image-214\" src=\"https:\/\/agrar-hoh.de\/wp-content\/uploads\/Grubber.jpg\" alt=\"M4011Q-1402\" width=\"295\" height=\"221\" srcset=\"https:\/\/agrar-hoh.de\/wp-content\/uploads\/Grubber.jpg 1200w, https:\/\/agrar-hoh.de\/wp-content\/uploads\/Grubber-300x225.jpg 300w, https:\/\/agrar-hoh.de\/wp-content\/uploads\/Grubber-1024x768.jpg 1024w, https:\/\/agrar-hoh.de\/wp-content\/uploads\/Grubber-624x468.jpg 624w\" sizes=\"(max-width: 295px) 100vw, 295px\" \/><\/a><a href=\"https:\/\/agrar-hoh.de\/wp-content\/uploads\/Grubbern-3.jpg\"><img loading=\"lazy\" decoding=\"async\" class=\"alignnone wp-image-215\" src=\"https:\/\/agrar-hoh.de\/wp-content\/uploads\/Grubbern-3.jpg\" alt=\"Grubbern 3\" width=\"260\" height=\"195\" srcset=\"https:\/\/agrar-hoh.de\/wp-content\/uploads\/Grubbern-3.jpg 1200w, https:\/\/agrar-hoh.de\/wp-content\/uploads\/Grubbern-3-300x225.jpg 300w, https:\/\/agrar-hoh.de\/wp-content\/uploads\/Grubbern-3-1024x768.jpg 1024w, https:\/\/agrar-hoh.de\/wp-content\/uploads\/Grubbern-3-624x468.jpg 624w\" sizes=\"(max-width: 260px) 100vw, 260px\" \/><\/a><a href=\"https:\/\/agrar-hoh.de\/wp-content\/uploads\/G\u00fclleausbring.jpg\">\u00a0 <img loading=\"lazy\" decoding=\"async\" class=\"alignnone wp-image-216\" src=\"https:\/\/agrar-hoh.de\/wp-content\/uploads\/G\u00fclleausbring.jpg\" alt=\"G\u00fclleausbring\" width=\"287\" height=\"190\" srcset=\"https:\/\/agrar-hoh.de\/wp-content\/uploads\/G\u00fclleausbring.jpg 1200w, https:\/\/agrar-hoh.de\/wp-content\/uploads\/G\u00fclleausbring-300x199.jpg 300w, https:\/\/agrar-hoh.de\/wp-content\/uploads\/G\u00fclleausbring-1024x680.jpg 1024w, https:\/\/agrar-hoh.de\/wp-content\/uploads\/G\u00fclleausbring-624x414.jpg 624w\" sizes=\"(max-width: 287px) 100vw, 287px\" \/><\/a><a href=\"https:\/\/agrar-hoh.de\/wp-content\/uploads\/Luzerne-h\u00e4ckseln.jpg\"><img loading=\"lazy\" decoding=\"async\" class=\"alignnone wp-image-217\" src=\"https:\/\/agrar-hoh.de\/wp-content\/uploads\/Luzerne-h\u00e4ckseln.jpg\" alt=\"Luzerne h\u00e4ckseln\" width=\"272\" height=\"204\" srcset=\"https:\/\/agrar-hoh.de\/wp-content\/uploads\/Luzerne-h\u00e4ckseln.jpg 1200w, https:\/\/agrar-hoh.de\/wp-content\/uploads\/Luzerne-h\u00e4ckseln-300x225.jpg 300w, https:\/\/agrar-hoh.de\/wp-content\/uploads\/Luzerne-h\u00e4ckseln-1024x768.jpg 1024w, https:\/\/agrar-hoh.de\/wp-content\/uploads\/Luzerne-h\u00e4ckseln-624x468.jpg 624w\" sizes=\"(max-width: 272px) 100vw, 272px\" \/><\/a><a href=\"https:\/\/agrar-hoh.de\/wp-content\/uploads\/Mais-h\u00e4ckseln.jpg\">\u00a0 <img loading=\"lazy\" decoding=\"async\" class=\"alignnone wp-image-218\" src=\"https:\/\/agrar-hoh.de\/wp-content\/uploads\/Mais-h\u00e4ckseln.jpg\" alt=\"Mais h\u00e4ckseln\" width=\"276\" height=\"207\" srcset=\"https:\/\/agrar-hoh.de\/wp-content\/uploads\/Mais-h\u00e4ckseln.jpg 1200w, https:\/\/agrar-hoh.de\/wp-content\/uploads\/Mais-h\u00e4ckseln-300x225.jpg 300w, https:\/\/agrar-hoh.de\/wp-content\/uploads\/Mais-h\u00e4ckseln-1024x768.jpg 1024w, https:\/\/agrar-hoh.de\/wp-content\/uploads\/Mais-h\u00e4ckseln-624x468.jpg 624w\" sizes=\"(max-width: 276px) 100vw, 276px\" \/><\/a><a href=\"https:\/\/agrar-hoh.de\/wp-content\/uploads\/Steine-lesen.jpg\"><img loading=\"lazy\" decoding=\"async\" class=\"alignnone wp-image-219\" src=\"https:\/\/agrar-hoh.de\/wp-content\/uploads\/Steine-lesen.jpg\" alt=\"Steine lesen\" width=\"271\" height=\"203\" srcset=\"https:\/\/agrar-hoh.de\/wp-content\/uploads\/Steine-lesen.jpg 1200w, https:\/\/agrar-hoh.de\/wp-content\/uploads\/Steine-lesen-300x225.jpg 300w, https:\/\/agrar-hoh.de\/wp-content\/uploads\/Steine-lesen-1024x768.jpg 1024w, https:\/\/agrar-hoh.de\/wp-content\/uploads\/Steine-lesen-624x468.jpg 624w\" sizes=\"(max-width: 271px) 100vw, 271px\" \/><\/a><a href=\"https:\/\/agrar-hoh.de\/wp-content\/uploads\/Stoppelbearbeitung.jpg\">\u00a0 <img loading=\"lazy\" decoding=\"async\" class=\"alignnone wp-image-220\" src=\"https:\/\/agrar-hoh.de\/wp-content\/uploads\/Stoppelbearbeitung.jpg\" alt=\"Stoppelbearbeitung\" width=\"276\" height=\"207\" srcset=\"https:\/\/agrar-hoh.de\/wp-content\/uploads\/Stoppelbearbeitung.jpg 1200w, https:\/\/agrar-hoh.de\/wp-content\/uploads\/Stoppelbearbeitung-300x225.jpg 300w, https:\/\/agrar-hoh.de\/wp-content\/uploads\/Stoppelbearbeitung-1024x768.jpg 1024w, https:\/\/agrar-hoh.de\/wp-content\/uploads\/Stoppelbearbeitung-624x468.jpg 624w\" sizes=\"(max-width: 276px) 100vw, 276px\" \/><\/a><\/p>\n","protected":false},"excerpt":{"rendered":"<p>In der Feldwirtschaft produzieren wir Marktfr\u00fcchte zum Verkauf. Dort vor allem Winterweizen, Winterraps, Wintergerste und Zuckerr\u00fcben. Au\u00dferdem erzeugen wir das Grundfutter Silo Mais, Luzernesilage und Stroh f\u00fcr unseren Rinderbestand sowie nachwachsende Rohstoffe f\u00fcr die Biogasanlage.\u00a0 Zur Erhaltung der Bodenfruchtbarkeit d\u00fcngen wir unsere B\u00f6den mit organischem und mineralischem D\u00fcnger um die Mineralien die die Pflanzen beim [&hellip;]<\/p>\n","protected":false},"author":2,"featured_media":0,"parent":0,"menu_order":0,"comment_status":"closed","ping_status":"closed","template":"","meta":{"footnotes":""},"_links":{"self":[{"href":"https:\/\/agrar-hoh.de\/index.php?rest_route=\/wp\/v2\/pages\/11"}],"collection":[{"href":"https:\/\/agrar-hoh.de\/index.php?rest_route=\/wp\/v2\/pages"}],"about":[{"href":"https:\/\/agrar-hoh.de\/index.php?rest_route=\/wp\/v2\/types\/page"}],"author":[{"embeddable":true,"href":"https:\/\/agrar-hoh.de\/index.php?rest_route=\/wp\/v2\/users\/2"}],"replies":[{"embeddable":true,"href":"https:\/\/agrar-hoh.de\/index.php?rest_route=%2Fwp%2Fv2%2Fcomments&post=11"}],"version-history":[{"count":17,"href":"https:\/\/agrar-hoh.de\/index.php?rest_route=\/wp\/v2\/pages\/11\/revisions"}],"predecessor-version":[{"id":997,"href":"https:\/\/agrar-hoh.de\/index.php?rest_route=\/wp\/v2\/pages\/11\/revisions\/997"}],"wp:attachment":[{"href":"https:\/\/agrar-hoh.de\/index.php?rest_route=%2Fwp%2Fv2%2Fmedia&parent=11"}],"curies":[{"name":"wp","href":"https:\/\/api.w.org\/{rel}","templated":true}]}}